{"id":58,"date":"2021-03-30T12:28:19","date_gmt":"2021-03-30T10:28:19","guid":{"rendered":"https:\/\/hortjs.edu-meissen.de\/?page_id=58"},"modified":"2024-10-25T11:10:16","modified_gmt":"2024-10-25T09:10:16","slug":"allgemeines","status":"publish","type":"page","link":"https:\/\/hortjs.edu-meissen.de\/?page_id=58","title":{"rendered":"Allgemeines"},"content":{"rendered":"<p><strong>Information zur Ferienanmeldung<\/strong><\/p>\n<p>Liebe Eltern,<\/p>\n<p>wir m\u00f6chten Sie kurz \u00fcber die Vorgehensweise der Ferienanmeldung im Hort der Johannesschule informieren und bitten Sie um Ihre Mitwirkung.<\/p>\n<p>Als Hort-Team ist es unser Anspruch, f\u00fcr und mit den Hortkindern die Ferien abwechslungsreich und interessant zu gestalten. Wir greifen daf\u00fcr die Vorschl\u00e4ge und W\u00fcnsche der Kinder auf, nutzen unsere personellen und r\u00e4umlichen Gegebenheiten im Haus sowie externe Angebote. Um diesem Anspruch gerecht zu werden, bildet die langfristige Planung der Inhalte, Kinderzahlen und des Personals eine wesentliche Grundlage. Daher ist die verbindliche Anmeldung Ihres Kindes f\u00fcr die Ferien eine wichtige Voraussetzung.<\/p>\n<p>In den letzten Jahren haben wir beobachtet, dass die Anmeldungen im Vergleich zur tats\u00e4chlichen Anwesenheit der Kinder sehr hoch waren. In der Konsequenz mussten Angebote ausfallen oder abgesagt werden. Eine verbindliche Anmeldung ist f\u00fcr uns wichtig, um Angebote buchen und planm\u00e4\u00dfig durchf\u00fchren zu k\u00f6nnen, Verg\u00fcnstigungen von Fahrkartenpreisen zu erwirken und das Personal zur Aufsicht und Absicherung der Angebote bereitzustellen. Vor diesem Hintergrund bitten wir Sie ab sofort um Beachtung folgender Vorgehensweise f\u00fcr die Ferienanmeldung:<\/p>\n<ol>\n<li>Bei Betreuungsbedarf informieren Sie sich \u00fcber die genauen Ferientermine des Schuljahres!<\/li>\n<\/ol>\n<ul>\n<li style=\"list-style-type: none;\">\n<ul>\n<li>Diese finden Sie zum Beispiel auf unserer Homepage \u2192 <a href=\"https:\/\/hortjs.edu-meissen.de\/\">https:\/\/hortjs.edu-meissen.de<\/a><\/li>\n<\/ul>\n<\/li>\n<\/ul>\n<ol start=\"2\">\n<li>Informieren Sie sich auf unserer Homepage unter dem Punkt Ferien \u00fcber:<\/li>\n<\/ol>\n<ul>\n<li style=\"list-style-type: none;\">\n<ul>\n<li>Allgemeine Informationen<\/li>\n<li>Vorlage\u00a0Ferienanmeldung\u00a0<\/li>\n<li>Ferienplan<\/li>\n<\/ul>\n<\/li>\n<\/ul>\n<ol start=\"3\">\n<li>Auf der Ferienanmeldung finden Sie den genauen Abgabetermin f\u00fcr die fristgerechte Abgabe des Abfragezettels! (4 Wochen vor Ferienbeginn)<\/li>\n<\/ol>\n<p><strong><u>fristgerechte Abgabe:<\/u><\/strong><\/p>\n<ul>\n<li>Teilnahme an allen geplanten Angeboten und Ausfl\u00fcgen!<\/li>\n<li>Betreuung \u00fcber die vereinbarte Betreuungszeit hinaus!<\/li>\n<li>Bis wann die Kinder in der Einrichtung sein m\u00fcssen richtet sich nach den geplanten Aktivit\u00e4ten. Beachten Sie daf\u00fcr die Informationen auf dem Ferienplan!<\/li>\n<\/ul>\n<p><strong><u>versp\u00e4tete Abgabe:<\/u><\/strong><\/p>\n<ul>\n<li>Keine Teilnahme an geplanten Angeboten und Ausfl\u00fcgen \u2192 Betreuung ausschlie\u00dflich im Hort!<\/li>\n<li><strong>Eine Betreuung erfolgt nur f\u00fcr die im Betreuungsvertrag festgelegte Betreuungszeit!<\/strong><\/li>\n<li>Die Kinder m\u00fcssen bis sp\u00e4testens 09:00 Uhr in der Einrichtung sein!<\/li>\n<\/ul>\n<p>Mit freundlichen Gr\u00fc\u00dfen<\/p>\n<p>Claudia Matthes<\/p>\n<p>Leiterin Hort Johannesschule<\/p>\n<hr \/>\n\n\n<div class=\"wp-block-file\"><a id=\"wp-block-file--media-0138bc1b-aa66-40ea-b886-85c73790b62b\" href=\"https:\/\/hortjs.edu-meissen.de\/wp-content\/uploads\/2022\/02\/Ferienanmeldung-Allgemein-2.pdf\">Information zur Ferienanmeldung<\/a><a href=\"https:\/\/hortjs.edu-meissen.de\/wp-content\/uploads\/2022\/02\/Ferienanmeldung-Allgemein-2.pdf\" class=\"wp-block-file__button wp-element-button\" download aria-describedby=\"wp-block-file--media-0138bc1b-aa66-40ea-b886-85c73790b62b\">Download<\/a><\/div>\n\n\n<\/p>\n<\/p>\n<\/p>\n<p>.<\/p>","protected":false},"excerpt":{"rendered":"<p>Information zur Ferienanmeldung Liebe Eltern, wir m\u00f6chten Sie kurz \u00fcber die Vorgehensweise der Ferienanmeldung im Hort der Johannesschule informieren und<\/p>\n","protected":false},"author":1,"featured_media":0,"parent":0,"menu_order":0,"comment_status":"closed","ping_status":"closed","template":"","meta":{"colormag_page_container_layout":"default_layout","colormag_page_sidebar_layout":"default_layout","footnotes":""},"class_list":["post-58","page","type-page","status-publish","hentry"],"_links":{"self":[{"href":"https:\/\/hortjs.edu-meissen.de\/index.php?rest_route=\/wp\/v2\/pages\/58","targetHints":{"allow":["GET"]}}],"collection":[{"href":"https:\/\/hortjs.edu-meissen.de\/index.php?rest_route=\/wp\/v2\/pages"}],"about":[{"href":"https:\/\/hortjs.edu-meissen.de\/index.php?rest_route=\/wp\/v2\/types\/page"}],"author":[{"embeddable":true,"href":"https:\/\/hortjs.edu-meissen.de\/index.php?rest_route=\/wp\/v2\/users\/1"}],"replies":[{"embeddable":true,"href":"https:\/\/hortjs.edu-meissen.de\/index.php?rest_route=%2Fwp%2Fv2%2Fcomments&post=58"}],"version-history":[{"count":20,"href":"https:\/\/hortjs.edu-meissen.de\/index.php?rest_route=\/wp\/v2\/pages\/58\/revisions"}],"predecessor-version":[{"id":1358,"href":"https:\/\/hortjs.edu-meissen.de\/index.php?rest_route=\/wp\/v2\/pages\/58\/revisions\/1358"}],"wp:attachment":[{"href":"https:\/\/hortjs.edu-meissen.de\/index.php?rest_route=%2Fwp%2Fv2%2Fmedia&parent=58"}],"curies":[{"name":"wp","href":"https:\/\/api.w.org\/{rel}","templated":true}]}}