{"id":336,"date":"2021-05-03T15:14:10","date_gmt":"2021-05-03T13:14:10","guid":{"rendered":"https:\/\/hortjs.edu-meissen.de\/?page_id=336"},"modified":"2022-05-27T14:40:25","modified_gmt":"2022-05-27T12:40:25","slug":"unser-haus","status":"publish","type":"page","link":"https:\/\/hortjs.edu-meissen.de\/","title":{"rendered":"Unser Haus"},"content":{"rendered":"<p>Seit 1991 besteht unsere Kindereinrichtung, der Hort der Johannesschule. Tr\u00e4ger der Einrichtung ist die Stadt Mei\u00dfen. Unser Bildungs-, Erziehungs- und Betreuungsvertrag ergibt sich aus den Aufgaben des S\u00e4chsischen Bildungsplanes und wird entsprechend von allen p\u00e4dagogischen Fachkr\u00e4ften umgesetzt.\u00a0Wir arbeiten nach dem situationsorientierten Ansatz, bieten den Kindern eine stabile Gruppensituation sowie gruppen\u00fcbergreifende Erfahrungen im Fr\u00fch- und Sp\u00e4thort.<\/p>\n<p>Die Hortkinder werden in den Klassenzimmern der Schulgeb\u00e4ude in Doppelnutzung und\u00a0 im Horthaus betreut. Die Hausaufgabenbetreuung ist Bestandteil des\u00a0 Hortnachmittags, ebenso vielf\u00e4ltige p\u00e4dagogische Angebote und die M\u00f6glichkeit des Freispiels in den Gruppenr\u00e4umen sowie im Freien.\u00a0 Als Freispielfl\u00e4che stehen der Schulhof, Horthof mit Ballplatz und das Au\u00dfengel\u00e4nde &#8222;Badgasse&#8220; zur Verf\u00fcgung.<\/p>\n<h5><span style=\"color: #ff0000;\"><strong>WICHTIG!<\/strong><\/span><\/h5>\n<p><span style=\"color: #000000;\">Sie finden unter &#8222;Schuljahr&#8220; bei &#8222;Termine&#8220; die Daten f\u00fcr die n\u00e4chsten p\u00e4dagogischen Tage.<\/span><\/p>\n<p>Wir haben unsere Informationen f\u00fcr die Ferienanmeldung ge\u00e4ndert und aktualisiert. Sie finden die aktuelle Variante unter &#8222;Ferien&#8220; bei &#8222;Allgemeines&#8220;.<\/p>\n<p>\u00a0<\/p>\n<p>\u00a0<\/p>\n<p>\u00a0<\/p>\n<p>\u00a0<\/p>\n<p>.<\/p>\n","protected":false},"excerpt":{"rendered":"<p>Seit 1991 besteht unsere Kindereinrichtung, der Hort der Johannesschule. Tr\u00e4ger der Einrichtung ist die Stadt Mei\u00dfen. Unser Bildungs-, Erziehungs- und<\/p>\n","protected":false},"author":2,"featured_media":0,"parent":0,"menu_order":0,"comment_status":"closed","ping_status":"closed","template":"","meta":{"colormag_page_container_layout":"default_layout","colormag_page_sidebar_layout":"default_layout","footnotes":""},"class_list":["post-336","page","type-page","status-publish","hentry"],"_links":{"self":[{"href":"https:\/\/hortjs.edu-meissen.de\/index.php?rest_route=\/wp\/v2\/pages\/336","targetHints":{"allow":["GET"]}}],"collection":[{"href":"https:\/\/hortjs.edu-meissen.de\/index.php?rest_route=\/wp\/v2\/pages"}],"about":[{"href":"https:\/\/hortjs.edu-meissen.de\/index.php?rest_route=\/wp\/v2\/types\/page"}],"author":[{"embeddable":true,"href":"https:\/\/hortjs.edu-meissen.de\/index.php?rest_route=\/wp\/v2\/users\/2"}],"replies":[{"embeddable":true,"href":"https:\/\/hortjs.edu-meissen.de\/index.php?rest_route=%2Fwp%2Fv2%2Fcomments&post=336"}],"version-history":[{"count":22,"href":"https:\/\/hortjs.edu-meissen.de\/index.php?rest_route=\/wp\/v2\/pages\/336\/revisions"}],"predecessor-version":[{"id":965,"href":"https:\/\/hortjs.edu-meissen.de\/index.php?rest_route=\/wp\/v2\/pages\/336\/revisions\/965"}],"wp:attachment":[{"href":"https:\/\/hortjs.edu-meissen.de\/index.php?rest_route=%2Fwp%2Fv2%2Fmedia&parent=336"}],"curies":[{"name":"wp","href":"https:\/\/api.w.org\/{rel}","templated":true}]}}